{"id":11,"date":"2022-08-24T10:16:56","date_gmt":"2022-08-24T08:16:56","guid":{"rendered":"http:\/\/czerwoniak-zyrardow.pl\/?page_id=11"},"modified":"2023-05-16T20:32:52","modified_gmt":"2023-05-16T18:32:52","slug":"kontakt","status":"publish","type":"page","link":"https:\/\/lo.zyrardow.edu.pl\/?page_id=11","title":{"rendered":"Kontakt"},"content":{"rendered":"\n<h4 class=\"wp-block-heading\">Liceum Og\u00f3lnokszta\u0142c\u0105ce im. Stefana \u017beromskiego w \u017byrardowie<\/h4>\n\n\n\n<h5 class=\"wp-block-heading\">ul. J. J. Kacperskiej 6a <br>96-300 \u017byrard\u00f3w<\/h5>\n\n\n\n<p><strong>telefon:&nbsp;+48&nbsp; 46 855 31 22<\/strong><\/p>\n\n\n\n<p><strong>e-mail:<a href=\"mailto:lozyrard@lo.zyrardow.edu.pl\">&nbsp;lozyrard@lo.zyrardow.edu.pl<\/a><\/strong><\/p>\n\n\n\n<p><strong>strona www:\u00a0<a rel=\"noreferrer noopener\" href=\"http:\/\/www.lo.zyrardow.edu.pl\/\" target=\"_blank\">http:\/\/lo.zyrardow.edu.pl<\/a><\/strong><\/p>\n\n\n\n<p><strong>NIP:&nbsp;838 13 11 266<\/strong><\/p>\n","protected":false},"excerpt":{"rendered":"<p>Liceum Og\u00f3lnokszta\u0142c\u0105ce im. Stefana \u017beromskiego w \u017byrardowie ul. J. J. Kacperskiej 6a 96-300 \u017byrard\u00f3w telefon:&nbsp;+48&nbsp; 46 855 31 22 e-mail:&nbsp;lozyrard@lo.zyrardow.edu.pl strona www:\u00a0http:\/\/lo.zyrardow.edu.pl NIP:&nbsp;838 13 11 266<\/p>\n","protected":false},"author":2,"featured_media":0,"parent":0,"menu_order":0,"comment_status":"closed","ping_status":"closed","template":"","meta":{"ngg_post_thumbnail":0,"footnotes":""},"class_list":["post-11","page","type-page","status-publish","hentry"],"_links":{"self":[{"href":"https:\/\/lo.zyrardow.edu.pl\/index.php?rest_route=\/wp\/v2\/pages\/11","targetHints":{"allow":["GET"]}}],"collection":[{"href":"https:\/\/lo.zyrardow.edu.pl\/index.php?rest_route=\/wp\/v2\/pages"}],"about":[{"href":"https:\/\/lo.zyrardow.edu.pl\/index.php?rest_route=\/wp\/v2\/types\/page"}],"author":[{"embeddable":true,"href":"https:\/\/lo.zyrardow.edu.pl\/index.php?rest_route=\/wp\/v2\/users\/2"}],"replies":[{"embeddable":true,"href":"https:\/\/lo.zyrardow.edu.pl\/index.php?rest_route=%2Fwp%2Fv2%2Fcomments&post=11"}],"version-history":[{"count":7,"href":"https:\/\/lo.zyrardow.edu.pl\/index.php?rest_route=\/wp\/v2\/pages\/11\/revisions"}],"predecessor-version":[{"id":1340,"href":"https:\/\/lo.zyrardow.edu.pl\/index.php?rest_route=\/wp\/v2\/pages\/11\/revisions\/1340"}],"wp:attachment":[{"href":"https:\/\/lo.zyrardow.edu.pl\/index.php?rest_route=%2Fwp%2Fv2%2Fmedia&parent=11"}],"curies":[{"name":"wp","href":"https:\/\/api.w.org\/{rel}","templated":true}]}}