{"id":123,"date":"2022-08-25T11:51:46","date_gmt":"2022-08-25T09:51:46","guid":{"rendered":"http:\/\/czerwoniak-zyrardow.pl\/?page_id=123"},"modified":"2025-09-18T14:31:29","modified_gmt":"2025-09-18T12:31:29","slug":"rada-rodzicow-3","status":"publish","type":"page","link":"https:\/\/lo.zyrardow.edu.pl\/?page_id=123","title":{"rendered":"Rada Rodzic\u00f3w"},"content":{"rendered":"\n<p>W bie\u017c\u0105cym roku szkolnym&nbsp;roczna sk\u0142adka na fundusz Rady Rodzic\u00f3w wynosi&nbsp;<strong>160 PLN<\/strong>.<\/p>\n\n\n\n<p><strong>Powy\u017csza sk\u0142adka jest dobrowolna<\/strong>. Finanse Rady Rodzic\u00f3w s\u0105 corocznie kontrolowane przez komisj\u0119 rewizyjn\u0105.<br>Wp\u0142aty na rzecz Rady Rodzic\u00f3w mog\u0105 by\u0107 dokonywane w ca\u0142o\u015bci lub w ratach p\u00f3\u0142rocznych, kwartalnych lub miesi\u0119cznych:<\/p>\n\n\n\n<ul class=\"wp-block-list\">\n<li><strong>w sekretariacie szko\u0142y<\/strong>&nbsp;od 8:00 do 16:00,<\/li>\n\n\n\n<li><strong>na konto Rady Rodzic\u00f3w:<br>Nr rachunku: <\/strong>32 1240 3350 1111 0000 3540 2448<\/li>\n\n\n\n<li><strong>Pekao S. A.<\/strong><\/li>\n\n\n\n<li><strong>NIP 8381781871<\/strong><\/li>\n\n\n\n<li>W\u0142a\u015bciciel rachunku:&nbsp;Rada Rodzic\u00f3w przy Liceum Og\u00f3lnokszta\u0142c\u0105cym im. Stefana \u017beromskiego w \u017byrardowie.<br>Adres w\u0142a\u015bciciela rachunku:&nbsp;ul. J. J. Kacperskiej 6a, 96-300 \u017byrard\u00f3w<br>Tytu\u0142 p\u0142atno\u015bci:&nbsp;darowizna na cele o\u015bwiatowe,<br>nazwisko i imi\u0119 ucznia, klasa.<\/li>\n<\/ul>\n","protected":false},"excerpt":{"rendered":"<p>W bie\u017c\u0105cym roku szkolnym&nbsp;roczna sk\u0142adka na fundusz Rady Rodzic\u00f3w wynosi&nbsp;160 PLN. Powy\u017csza sk\u0142adka jest dobrowolna. Finanse Rady Rodzic\u00f3w s\u0105 corocznie kontrolowane przez komisj\u0119 rewizyjn\u0105.Wp\u0142aty na rzecz Rady Rodzic\u00f3w mog\u0105 by\u0107 dokonywane w ca\u0142o\u015bci lub w ratach p\u00f3\u0142rocznych, kwartalnych lub miesi\u0119cznych:<\/p>\n","protected":false},"author":2,"featured_media":0,"parent":0,"menu_order":0,"comment_status":"closed","ping_status":"closed","template":"","meta":{"ngg_post_thumbnail":0,"footnotes":""},"class_list":["post-123","page","type-page","status-publish","hentry"],"_links":{"self":[{"href":"https:\/\/lo.zyrardow.edu.pl\/index.php?rest_route=\/wp\/v2\/pages\/123","targetHints":{"allow":["GET"]}}],"collection":[{"href":"https:\/\/lo.zyrardow.edu.pl\/index.php?rest_route=\/wp\/v2\/pages"}],"about":[{"href":"https:\/\/lo.zyrardow.edu.pl\/index.php?rest_route=\/wp\/v2\/types\/page"}],"author":[{"embeddable":true,"href":"https:\/\/lo.zyrardow.edu.pl\/index.php?rest_route=\/wp\/v2\/users\/2"}],"replies":[{"embeddable":true,"href":"https:\/\/lo.zyrardow.edu.pl\/index.php?rest_route=%2Fwp%2Fv2%2Fcomments&post=123"}],"version-history":[{"count":9,"href":"https:\/\/lo.zyrardow.edu.pl\/index.php?rest_route=\/wp\/v2\/pages\/123\/revisions"}],"predecessor-version":[{"id":2989,"href":"https:\/\/lo.zyrardow.edu.pl\/index.php?rest_route=\/wp\/v2\/pages\/123\/revisions\/2989"}],"wp:attachment":[{"href":"https:\/\/lo.zyrardow.edu.pl\/index.php?rest_route=%2Fwp%2Fv2%2Fmedia&parent=123"}],"curies":[{"name":"wp","href":"https:\/\/api.w.org\/{rel}","templated":true}]}}