{"id":131,"date":"2022-08-25T11:58:58","date_gmt":"2022-08-25T09:58:58","guid":{"rendered":"http:\/\/czerwoniak-zyrardow.pl\/?page_id=131"},"modified":"2022-09-20T15:29:40","modified_gmt":"2022-09-20T13:29:40","slug":"projekty","status":"publish","type":"page","link":"https:\/\/lo.zyrardow.edu.pl\/?page_id=131","title":{"rendered":"Projekty"},"content":{"rendered":"\n<h3 class=\"wp-block-heading\">Europejskie projekty partnerskiej wsp\u00f3\u0142pracy szk\u00f3\u0142<\/h3>\n\n\n\n<p><a href=\"http:\/\/zyrardow.edu.pl\/COMENIUS\/Preview\/index.html\"><strong>Szkolna fabryka inicjatyw &#8211; r\u00f3wne obywatelstwo\u00a0<\/strong><\/a><strong><br><\/strong><\/p>\n\n\n\n<h3 class=\"wp-block-heading\">Erasmus +<\/h3>\n\n\n\n<p><a href=\"http:\/\/erasmus2022.zyrardow.edu.pl\/\"><strong>Erasmus &#8211; Przysz\u0142o\u015b\u0107 nale\u017cy do senior\u00f3w<\/strong><\/a><\/p>\n\n\n\n<p><a href=\"http:\/\/erasmus2018.zyrardow.edu.pl\/\"><strong>Erasmus &#8211; Nauka wok\u00f3\u0142 nas<\/strong><\/a><\/p>\n\n\n\n<p><a href=\"http:\/\/erasmus.zyrardow.edu.pl\/Preview\/index.html\"><strong>Erasmus &#8211; Sztuka nie zna granic<\/strong><\/a><\/p>\n","protected":false},"excerpt":{"rendered":"<p>Europejskie projekty partnerskiej wsp\u00f3\u0142pracy szk\u00f3\u0142 Szkolna fabryka inicjatyw &#8211; r\u00f3wne obywatelstwo\u00a0 Erasmus + Erasmus &#8211; Przysz\u0142o\u015b\u0107 nale\u017cy do senior\u00f3w Erasmus &#8211; Nauka wok\u00f3\u0142 nas Erasmus &#8211; Sztuka nie zna granic<\/p>\n","protected":false},"author":2,"featured_media":0,"parent":0,"menu_order":0,"comment_status":"closed","ping_status":"closed","template":"","meta":{"ngg_post_thumbnail":0,"footnotes":""},"class_list":["post-131","page","type-page","status-publish","hentry"],"_links":{"self":[{"href":"https:\/\/lo.zyrardow.edu.pl\/index.php?rest_route=\/wp\/v2\/pages\/131","targetHints":{"allow":["GET"]}}],"collection":[{"href":"https:\/\/lo.zyrardow.edu.pl\/index.php?rest_route=\/wp\/v2\/pages"}],"about":[{"href":"https:\/\/lo.zyrardow.edu.pl\/index.php?rest_route=\/wp\/v2\/types\/page"}],"author":[{"embeddable":true,"href":"https:\/\/lo.zyrardow.edu.pl\/index.php?rest_route=\/wp\/v2\/users\/2"}],"replies":[{"embeddable":true,"href":"https:\/\/lo.zyrardow.edu.pl\/index.php?rest_route=%2Fwp%2Fv2%2Fcomments&post=131"}],"version-history":[{"count":6,"href":"https:\/\/lo.zyrardow.edu.pl\/index.php?rest_route=\/wp\/v2\/pages\/131\/revisions"}],"predecessor-version":[{"id":447,"href":"https:\/\/lo.zyrardow.edu.pl\/index.php?rest_route=\/wp\/v2\/pages\/131\/revisions\/447"}],"wp:attachment":[{"href":"https:\/\/lo.zyrardow.edu.pl\/index.php?rest_route=%2Fwp%2Fv2%2Fmedia&parent=131"}],"curies":[{"name":"wp","href":"https:\/\/api.w.org\/{rel}","templated":true}]}}