{"id":242,"date":"2022-08-26T09:11:53","date_gmt":"2022-08-26T07:11:53","guid":{"rendered":"http:\/\/czerwoniak-zyrardow.pl\/?page_id=242"},"modified":"2025-09-25T20:04:59","modified_gmt":"2025-09-25T18:04:59","slug":"biblioteka","status":"publish","type":"page","link":"https:\/\/lo.zyrardow.edu.pl\/?page_id=242","title":{"rendered":"Biblioteka"},"content":{"rendered":"\n<h4 class=\"wp-block-heading\">Nauczyciele bibliotekarze:<\/h4>\n\n\n\n<h5 class=\"wp-block-heading\">Beata Czajkowska-Osial<br>Katarzyna Szyndler-Sosnowska<\/h5>\n\n\n\n<h4 class=\"wp-block-heading has-text-align-left\">Godziny pracy biblioteki:<\/h4>\n\n\n\n<div class=\"wp-block-group is-nowrap is-layout-flex wp-container-core-group-is-layout-ad2f72ca wp-block-group-is-layout-flex\">\n<figure class=\"wp-block-table is-style-stripes\"><table><tbody><tr><td>Poniedzia\u0142ek <\/td><td>8 &#8211; 16     <\/td><\/tr><tr><td>Wtorek<\/td><td>8 &#8211; 16<\/td><\/tr><tr><td>\u015aroda<\/td><td>8 &#8211; 16<\/td><\/tr><tr><td>Czwartek<\/td><td>8 &#8211; 16<\/td><\/tr><tr><td>Pi\u0105tek<\/td><td>8 &#8211; 16<\/td><\/tr><\/tbody><\/table><\/figure>\n<\/div>\n\n\n\n<div data-wp-interactive=\"core\/file\" class=\"wp-block-file\"><object data-wp-bind--hidden=\"!state.hasPdfPreview\" hidden class=\"wp-block-file__embed\" data=\"https:\/\/lo.zyrardow.edu.pl\/wp-content\/uploads\/2024\/10\/REGULAMIN-BIBLIOTEKI_10_24.pdf\" type=\"application\/pdf\" style=\"width:100%;height:600px\" aria-label=\"Osadzone z REGULAMIN BIBLIOTEKI_10_24.\"><\/object><a id=\"wp-block-file--media-22ec0b67-d988-4cd6-b9dd-d016f8f048a8\" href=\"https:\/\/lo.zyrardow.edu.pl\/wp-content\/uploads\/2024\/10\/REGULAMIN-BIBLIOTEKI_10_24.pdf\">REGULAMIN BIBLIOTEKI_10_24<\/a><a href=\"https:\/\/lo.zyrardow.edu.pl\/wp-content\/uploads\/2024\/10\/REGULAMIN-BIBLIOTEKI_10_24.pdf\" class=\"wp-block-file__button wp-element-button\" download aria-describedby=\"wp-block-file--media-22ec0b67-d988-4cd6-b9dd-d016f8f048a8\">Pobierz<\/a><\/div>\n","protected":false},"excerpt":{"rendered":"<p>Nauczyciele bibliotekarze: Beata Czajkowska-OsialKatarzyna Szyndler-Sosnowska Godziny pracy biblioteki: Poniedzia\u0142ek 8 &#8211; 16 Wtorek 8 &#8211; 16 \u015aroda 8 &#8211; 16 Czwartek 8 &#8211; 16 Pi\u0105tek 8 &#8211; 16<\/p>\n","protected":false},"author":2,"featured_media":0,"parent":0,"menu_order":0,"comment_status":"closed","ping_status":"closed","template":"","meta":{"ngg_post_thumbnail":0,"footnotes":""},"class_list":["post-242","page","type-page","status-publish","hentry"],"_links":{"self":[{"href":"https:\/\/lo.zyrardow.edu.pl\/index.php?rest_route=\/wp\/v2\/pages\/242","targetHints":{"allow":["GET"]}}],"collection":[{"href":"https:\/\/lo.zyrardow.edu.pl\/index.php?rest_route=\/wp\/v2\/pages"}],"about":[{"href":"https:\/\/lo.zyrardow.edu.pl\/index.php?rest_route=\/wp\/v2\/types\/page"}],"author":[{"embeddable":true,"href":"https:\/\/lo.zyrardow.edu.pl\/index.php?rest_route=\/wp\/v2\/users\/2"}],"replies":[{"embeddable":true,"href":"https:\/\/lo.zyrardow.edu.pl\/index.php?rest_route=%2Fwp%2Fv2%2Fcomments&post=242"}],"version-history":[{"count":16,"href":"https:\/\/lo.zyrardow.edu.pl\/index.php?rest_route=\/wp\/v2\/pages\/242\/revisions"}],"predecessor-version":[{"id":3054,"href":"https:\/\/lo.zyrardow.edu.pl\/index.php?rest_route=\/wp\/v2\/pages\/242\/revisions\/3054"}],"wp:attachment":[{"href":"https:\/\/lo.zyrardow.edu.pl\/index.php?rest_route=%2Fwp%2Fv2%2Fmedia&parent=242"}],"curies":[{"name":"wp","href":"https:\/\/api.w.org\/{rel}","templated":true}]}}