{"id":3569,"date":"2026-03-27T14:56:49","date_gmt":"2026-03-27T13:56:49","guid":{"rendered":"https:\/\/lo.zyrardow.edu.pl\/?page_id=3569"},"modified":"2026-03-27T14:56:50","modified_gmt":"2026-03-27T13:56:50","slug":"deklaracja-dostepnosci","status":"publish","type":"page","link":"https:\/\/lo.zyrardow.edu.pl\/?page_id=3569","title":{"rendered":"Deklaracja dost\u0119pno\u015bci"},"content":{"rendered":"\n<p>O\u015bwiadczenie o dost\u0119pno\u015bci cyfrowej stron internetowych Liceum Og\u00f3lnokszta\u0142c\u0105ce im. Stefana \u017beromskiego w \u017byrardowie zobowi\u0105zuje si\u0119 zapewni\u0107 dost\u0119pno\u015b\u0107 swojej strony internetowej <a href=\"https:\/\/lo.zyrardow.edu.pl\/\">https:\/\/lo.zyrardow.edu.pl\/<\/a> zgodnie z Ustaw\u0105 z dnia 4 kwietnia 2019 r. o dost\u0119pno\u015bci cyfrowej stron internetowych i aplikacji mobilnych podmiot\u00f3w publicznych.<br><\/p>\n\n\n\n<p>Data publikacji strony internetowej: 1998r.<br>Data ostatniej du\u017cej aktualizacji strony internetowej \u2013 31 marca 2025r.<br><\/p>\n\n\n\n<p>Strona internetowa jest cz\u0119\u015bciowo zgodna z Ustaw\u0105 z dnia 4 kwietnia 2019 r. o dost\u0119pno\u015bci cyfrowej stron internetowych i aplikacji mobilnych podmiot\u00f3w publicznych. Niekt\u00f3re zamieszczone informacje w za\u0142\u0105cznikach s\u0105 w postaci skan\u00f3w z uwagi na charakter informacji, jaki jest niezb\u0119dny do opublikowania informacji. Niekt\u00f3re grafiki nie posiadaj\u0105 opis\u00f3w alternatywnych. Wi\u0119kszo\u015b\u0107 materia\u0142\u00f3w na stronie zosta\u0142a opublikowana przed wej\u015bciem w \u017cycie ustawy o dost\u0119pno\u015bci cyfrowej. Poprawianie dost\u0119pno\u015bci strony b\u0119dzie prowadzone sukcesywnie w ramach mo\u017cliwo\u015bci finansowych liceum.<br><\/p>\n\n\n\n<p>Ocen\u0119 dost\u0119pno\u015bci cyfrowej strony LO im. S. \u017beromskiego w \u017byrardowie sporz\u0105dzono na podstawie samooceny przeprowadzonej przez Szko\u0142\u0119. Strona obs\u0142uguje standardowe skr\u00f3ty klawiaturowe przegl\u0105darki internetowej.<br><\/p>\n\n\n\n<p>W przypadku problem\u00f3w z dost\u0119pno\u015bci\u0105 strony internetowej, prosimy o kontakt z LO im. S. \u017beromskiego w \u017byrardowie drog\u0105 telefoniczn\u0105 lub mailow\u0105. Osob\u0105 wyznaczon\u0105 do kontaktu jest <strong>p. Ma\u0142gorzata Adamczyk, nr telefonu +48 46 855 31 22 lub email: lozyrard@lo.zyrardow.edu.pl<\/strong>. T\u0105 sam\u0105 drog\u0105 mo\u017cna sk\u0142ada\u0107 wnioski o udost\u0119pnienie informacji niedost\u0119pnej oraz sk\u0142ada\u0107 \u017c\u0105dania zapewnienia dost\u0119pno\u015bci.<br><\/p>\n\n\n\n<p>Ka\u017cdy ma prawo do wyst\u0105pienia z \u017c\u0105daniem zapewnienia dost\u0119pno\u015bci cyfrowej strony internetowej, aplikacji mobilnej lub jakiego\u015b ich elementu. Ka\u017cdy mo\u017ce tak\u017ce za\u017c\u0105da\u0107 udost\u0119pnienia informacji za pomoc\u0105 alternatywnego sposobu dost\u0119pu, np. odczytanie niedost\u0119pnego cyfrowo dokumentu.<\/p>\n\n\n\n<p>\u017b\u0105danie powinno zawiera\u0107:<\/p>\n\n\n\n<ul class=\"wp-block-list\">\n<li>dane osoby zg\u0142aszaj\u0105cej \u017c\u0105danie,<\/li>\n\n\n\n<li>wskazanie, o jaki element strony internetowej chodzi<\/li>\n\n\n\n<li>spos\u00f3b kontaktu z osob\u0105 zg\u0142aszaj\u0105c\u0105 \u017c\u0105danie.<\/li>\n<\/ul>\n\n\n\n<p>Je\u017celi osoba \u017c\u0105daj\u0105ca zg\u0142asza potrzeb\u0119 otrzymania informacji za pomoc\u0105 alternatywnego sposobu dost\u0119pu, powinna tak\u017ce okre\u015bli\u0107 dogodny dla niej spos\u00f3b przedstawienia tej informacji. LO im. S. \u017beromskiego w \u017byrardowie do\u0142o\u017cy wszelkich stara\u0144, aby spe\u0142ni\u0107 \u017c\u0105danie nie p\u00f3\u017aniej ni\u017c w ci\u0105gu 7 dni. Je\u017celi dotrzymanie tego terminu nie b\u0119dzie mo\u017cliwe, LO im. S. \u017beromskiego w \u017byrardowie niezw\u0142ocznie poinformuje o tym fakcie \u017c\u0105daj\u0105cego oraz podejmie dzia\u0142ania zmierzaj\u0105ce do realizacji \u017c\u0105dania w terminie nie d\u0142u\u017cszym ni\u017c 2 miesi\u0105ce. W przypadkach, gdyby spe\u0142nienie \u017c\u0105dania by\u0142o niemo\u017cliwe, LO im. S. \u017beromskiego w \u017byrardowie zobowi\u0105zuje si\u0119 zaproponowania alternatywnego zapewnienia dost\u0119pu do informacji. W przypadku, braku realizacji \u017c\u0105dania zapewnienia dost\u0119pno\u015bci lub alternatywnego sposobu dost\u0119pu do informacji, wnosz\u0105cy \u017c\u0105danie mo\u017cne z\u0142o\u017cy\u0107 skarg\u0119 w sprawie zapewniana dost\u0119pno\u015bci cyfrowej strony internetowej, lub jej elementu.<br><\/p>\n\n\n\n<p>Organ nadzoruj\u0105cy:<br>Dyrektor Liceum Og\u00f3lnokszta\u0142c\u0105cego im. Stefana \u017beromskiego w \u017byrardowie \u2013 Agnieszka<br>Przyjankowska.<br><\/p>\n\n\n\n<p>Po wyczerpaniu wskazanej wy\u017cej procedury mo\u017cna tak\u017ce z\u0142o\u017cy\u0107 wniosek do Rzecznika Praw Obywatelskich. Strona internetowa Rzecznika Praw Obywatelskich: <a href=\"https:\/\/www.rpo.gov.pl\/\">https:\/\/www.rpo.gov.pl\/<\/a>. Obiekt usytuowany jest na obrze\u017cach miasta \u017byrardowa w s\u0105siedztwie obiektu sportowego AQUA. Szko\u0142a mie\u015bci si\u0119 w budynku przy ul. J.J. Kacperskiej 6a i jest cz\u0119\u015bciowo dostosowana dla os\u00f3b niepe\u0142nosprawnych \u2013 obecno\u015b\u0107 podjazdu przy wej\u015bciu g\u0142\u00f3wnym z por\u0119cz\u0105, brak \u0142azienek dla os\u00f3b niepe\u0142nosprawnych; budynek pi\u0119trowy. W budynku szko\u0142y jest winda, kt\u00f3ra znajduje si\u0119 na terenie Szko\u0142y Podstawowej nr 3 z Oddzia\u0142ami Integracyjnymi im. Stanis\u0142awa Staszica. Drogi Ewakuacyjne wewn\u0105trz budynku s\u0105 oznakowane. W budynku szko\u0142y na portierni dost\u0119pna jest p\u0119tla indukcyjna. Do szko\u0142y mo\u017cna dojecha\u0107 korzystaj\u0105c z w\u0142asnego \u015brodka komunikacji lub komunikacji MZK. Naj\u0142atwiej do g\u0142\u00f3wnego wej\u015bcia do budynku dotrze\u0107 za po\u015brednictwem chodnik\u00f3w okalaj\u0105cych obiekt. Nie s\u0105 one wyposa\u017cone w \u015bcie\u017cki naprowadzaj\u0105ce dla os\u00f3b niewidomych\/s\u0142abowidz\u0105cych. Przy szatni szkolnej mieszcz\u0105 si\u0119 miejsca parkingowe, kt\u00f3re nie s\u0105 przeznaczone dla os\u00f3b niepe\u0142nosprawnych. Korzystaj\u0105 z nich pracownicy szko\u0142y. Bezpo\u015brednio po wej\u015bciu do budynku znajdujemy si\u0119 w holu g\u0142\u00f3wnym, z kt\u00f3rego kieruj\u0105c si\u0119 w lew\u0105 stron\u0119 dojdziemy do schod\u00f3w prowadz\u0105cych na pierwsze i drugie pi\u0119tro budynku. W budynku nie ma oznacze\u0144 w alfabecie Braille\u2019a. Wej\u015bcie na I i II pi\u0119tro budynku odbywa si\u0119 za po\u015brednictwem schod\u00f3w, kt\u00f3rych poszczeg\u00f3lne stopnie zosta\u0142y oznaczone kontrastowymi ta\u015bmami, tak aby zapewni\u0107 maksymalne bezpiecze\u0144stwo os\u00f3b z nich korzystaj\u0105cych. Drzwi wej\u015bciowe do szko\u0142y pozwalaj\u0105 na przejazd w\u00f3zka inwalidzkiego. Po wej\u015bciu do budynku szkolnego po lewej stronie znajduje si\u0119 dzwonek, umieszczony na odpowiedniej wysoko\u015bci, wywo\u0142uj\u0105cy osob\u0119 z portierni. Wewn\u0105trz budynku przy wej\u015bciu g\u0142\u00f3wnym po lewej stronie znajduje si\u0119 tablica tyflograficzna. Istnieje mo\u017cliwo\u015b\u0107 zapewnienia asysty przez pracownik\u00f3w szko\u0142y przy wej\u015bciu do budynku po wcze\u015bniejszym uzgodnieniu \u2013 <strong>tel. +48 46 855 31 22<\/strong>.<br>LO im. S. \u017beromskiego w \u017byrardowie nie posiada t\u0142umacza j\u0119zyka migowego.<\/p>\n\n\n\n<p><strong>Dost\u0119pno\u015b\u0107 architektoniczna:<\/strong><br>Dane teleadresowe plac\u00f3wki:<br>Liceum Og\u00f3lnokszta\u0142c\u0105ce im. Stefana \u017beromskiego<br>ul. J.J. Kacperskiej 6a<br>96-300 \u017byrard\u00f3w<br>Tel. <strong>+48 46 855 31 22<\/strong><br>mail: <strong>lozyrard@lo.zyrardow.edu.pl<\/strong><br>Na wewn\u0119trznym parkingu Szko\u0142y zostanie wyznaczone miejsce dla os\u00f3b niepe\u0142nosprawnych.<\/p>\n\n\n\n<div data-wp-interactive=\"core\/file\" class=\"wp-block-file\"><object data-wp-bind--hidden=\"!state.hasPdfPreview\" hidden class=\"wp-block-file__embed\" data=\"https:\/\/lo.zyrardow.edu.pl\/wp-content\/uploads\/2026\/03\/Deklaracja-Dostepnosci.pdf\" type=\"application\/pdf\" style=\"width:100%;height:600px\" aria-label=\"Osadzone z Deklaracja Dost\u0119pno\u015bci.\"><\/object><a id=\"wp-block-file--media-704fb922-e662-419b-990e-83f691522e79\" href=\"https:\/\/lo.zyrardow.edu.pl\/wp-content\/uploads\/2026\/03\/Deklaracja-Dostepnosci.pdf\">Deklaracja Dost\u0119pno\u015bci<\/a><a href=\"https:\/\/lo.zyrardow.edu.pl\/wp-content\/uploads\/2026\/03\/Deklaracja-Dostepnosci.pdf\" class=\"wp-block-file__button wp-element-button\" download aria-describedby=\"wp-block-file--media-704fb922-e662-419b-990e-83f691522e79\">Pobierz<\/a><\/div>\n","protected":false},"excerpt":{"rendered":"<p>O\u015bwiadczenie o dost\u0119pno\u015bci cyfrowej stron internetowych Liceum Og\u00f3lnokszta\u0142c\u0105ce im. Stefana \u017beromskiego w \u017byrardowie zobowi\u0105zuje si\u0119 zapewni\u0107 dost\u0119pno\u015b\u0107 swojej strony internetowej https:\/\/lo.zyrardow.edu.pl\/ zgodnie z Ustaw\u0105 z dnia 4 kwietnia 2019 r. o dost\u0119pno\u015bci cyfrowej stron internetowych i aplikacji mobilnych podmiot\u00f3w publicznych. Data publikacji strony internetowej: 1998r.Data ostatniej du\u017cej aktualizacji strony internetowej \u2013 31 marca 2025r. Strona [&hellip;]<\/p>\n","protected":false},"author":2,"featured_media":0,"parent":0,"menu_order":0,"comment_status":"closed","ping_status":"closed","template":"","meta":{"ngg_post_thumbnail":0,"footnotes":""},"class_list":["post-3569","page","type-page","status-publish","hentry"],"_links":{"self":[{"href":"https:\/\/lo.zyrardow.edu.pl\/index.php?rest_route=\/wp\/v2\/pages\/3569","targetHints":{"allow":["GET"]}}],"collection":[{"href":"https:\/\/lo.zyrardow.edu.pl\/index.php?rest_route=\/wp\/v2\/pages"}],"about":[{"href":"https:\/\/lo.zyrardow.edu.pl\/index.php?rest_route=\/wp\/v2\/types\/page"}],"author":[{"embeddable":true,"href":"https:\/\/lo.zyrardow.edu.pl\/index.php?rest_route=\/wp\/v2\/users\/2"}],"replies":[{"embeddable":true,"href":"https:\/\/lo.zyrardow.edu.pl\/index.php?rest_route=%2Fwp%2Fv2%2Fcomments&post=3569"}],"version-history":[{"count":7,"href":"https:\/\/lo.zyrardow.edu.pl\/index.php?rest_route=\/wp\/v2\/pages\/3569\/revisions"}],"predecessor-version":[{"id":3577,"href":"https:\/\/lo.zyrardow.edu.pl\/index.php?rest_route=\/wp\/v2\/pages\/3569\/revisions\/3577"}],"wp:attachment":[{"href":"https:\/\/lo.zyrardow.edu.pl\/index.php?rest_route=%2Fwp%2Fv2%2Fmedia&parent=3569"}],"curies":[{"name":"wp","href":"https:\/\/api.w.org\/{rel}","templated":true}]}}